{"id":3201,"date":"2025-01-06T23:15:11","date_gmt":"2025-01-06T22:15:11","guid":{"rendered":"https:\/\/tierraylibertad.org\/?page_id=3201"},"modified":"2025-01-06T23:27:07","modified_gmt":"2025-01-06T22:27:07","slug":"la-huella-de-la-comandanta-ramona-subcomandante-insurgente-marcos-die-fusspur-von-comandanta-ramona-subcomandante-insurgente-marcos","status":"publish","type":"page","link":"https:\/\/tierraylibertad.org\/index.php\/la-huella-de-la-comandanta-ramona-subcomandante-insurgente-marcos-die-fusspur-von-comandanta-ramona-subcomandante-insurgente-marcos\/","title":{"rendered":"La huella de la Comandanta Ramona \/ Subcomandante Insurgente Marcos (Die Fu\u00dfspur von Comandanta Ramona \/ Subcomandante Insurgente Marcos)"},"content":{"rendered":"\n<figure class=\"wp-block-image size-large is-resized\"><a href=\"https:\/\/tierraylibertad.org\/wp-content\/uploads\/2025\/01\/Comandanta_Ramona_by_bastian.jpg\"><img loading=\"lazy\" decoding=\"async\" width=\"717\" height=\"1024\" src=\"https:\/\/tierraylibertad.org\/wp-content\/uploads\/2025\/01\/Comandanta_Ramona_by_bastian-717x1024.jpg\" alt=\"\" class=\"wp-image-3202\" style=\"width:460px;height:auto\" srcset=\"https:\/\/tierraylibertad.org\/wp-content\/uploads\/2025\/01\/Comandanta_Ramona_by_bastian-717x1024.jpg 717w, https:\/\/tierraylibertad.org\/wp-content\/uploads\/2025\/01\/Comandanta_Ramona_by_bastian-210x300.jpg 210w, https:\/\/tierraylibertad.org\/wp-content\/uploads\/2025\/01\/Comandanta_Ramona_by_bastian-768x1097.jpg 768w, https:\/\/tierraylibertad.org\/wp-content\/uploads\/2025\/01\/Comandanta_Ramona_by_bastian.jpg 820w\" sizes=\"auto, (max-width: 717px) 100vw, 717px\" \/><\/a><\/figure>\n\n\n\n<p>Die Geschichte wurde in dem Buch Los Otros Cuentos ver\u00f6ffentlicht. Band 2.<br><\/p>\n\n\n\n<p>Comandanta Ramona war sehr fr\u00f6hlich und sehr scherzhaft. Wenn sie an der Reihe war, uns zu f\u00fchren &#8211; denn sie war die Einzige, die den Weg kannte -, sagte sie scherzhaft, dass unser Kampf gut war, denn es war das erste, dass die Frau voran ging. Und sie scherzte und sagte: \u201eWenn wir gewinnen, werdet ihr M\u00e4nner, die noch hinter uns sind, uns vielleicht einholen, und dann werden wir in der neuen Welt, die wir aufbauen wollen, Seite an Seite gehen! Und sie sagte das sp\u00f6ttisch, denn bis dahin war es in den Gemeinden \u00fcblich, dass der Mann vorausging und die Frau hinter ihm herging. Ich stolperte die ganze Zeit, und sie ging voraus. Obwohl sie sehr klein und zierlich war, ging sie wie eine Pirinola, das hei\u00dft, als ob man sie aufzog und mitzog, denn ich konnte sie nicht einholen. Nat\u00fcrlich habe ich mich verlaufen. Wegen meines Gewichts schaute ich nach unten und lernte, ihrer Spur zu folgen. Sie hinterlie\u00df ihren Fu\u00dfabdruck &#8211; sie ging barfu\u00df, ich in Stiefeln -, sie hinterlie\u00df ihren Fu\u00dfabdruck&#8230;. \u201eNun, wenn sie zu weit voraus ist, werde ich in ihre Fu\u00dfstapfen treten&#8230;\u201c. Es kam ein Moment, in dem der Boden hart war, so wie hier. Ich hatte es nicht bemerkt und sah weiterhin ihre Fu\u00dfspuren und folgte ihr. Also blieb ich stehen, um mich auszuruhen, denn zwischen meiner Lunge und dem Pfeifen kann ich nicht viel aushalten. Und dann wurde mir klar, warum Ramonas Fu\u00dfabdruck eine Spur hinterlie\u00df, wenn der Boden hart war. Ich wei\u00df nicht, ob es ein geologisches Problem oder etwas \u00c4hnliches war, aber ich sah mich um, und es gab keine Fu\u00dfabdr\u00fccke, obwohl ich Stiefel trug und doppelt so gro\u00df war wie Ramona. Ich verstand nicht, warum ihre Schritte einen Fu\u00dfabdruck hinterlie\u00dfen und meine nicht. Sp\u00e4ter holte ich sie schlie\u00dflich ein und fragte sie: \u201eHast du gesehen, dass dein Schritt einen Fu\u00dfabdruck hinterl\u00e4sst und meiner nicht? \u201eDas ist nun einmal so\u201c, sagte sie und ging weiter. Ich verstand damals nicht. Einige Zeit sp\u00e4ter, im Nebel, spielte Ramona gerne, dass man auf der Wolke gehen m\u00fcsse, sagte sie, denn es kam ein Moment, in dem sich der Nebel ganz \u00fcber die Berge legte und es so aussah, als w\u00fcrden wir wirklich auf den Wolken gehen. Ich ging wieder in den Dschungel zur\u00fcck und fand den alten Antonio und erz\u00e4hlte ihm die Geschichte von Ramona &#8211; sie hatten sich bei einem unserer Treffen getroffen &#8211; und er l\u00e4chelte und sagte zu mir: \u201eIch werde dir eine Geschichte erz\u00e4hlen, die von unseren \u00c4ltesten erz\u00e4hlt wurde. Die Menschen, die unsere Indianerv\u00f6lker kannten, erz\u00e4hlten, dass sie in den fr\u00fchen Tagen gro\u00dfe M\u00e4nner und Frauen ausw\u00e4hlten und sie gro\u00df machten, weil es ihre Aufgabe war, gro\u00df zu sein; Giganten, w\u00fcrdest du sagen, sie benutzten das Wort gro\u00df. Und dass diese M\u00e4nner und Frauen aufgrund ihrer Gr\u00f6\u00dfe den Weg markieren mussten, damit die Menschen hinter ihnen sie schon von weitem sehen konnten, wenn sie weit weg gingen, hoch oben in den B\u00e4umen. Und so war es am Anfang, aber es kam eine Zeit, in der dies den Neid und den Zorn der anderen erregte: der Kleinen oder der Kleinen, und es wurde zu einem gro\u00dfen Problem. Dann setzten sich die ersten G\u00f6tter, die die Welt erschaffen hatten, zusammen und sagten: \u201eNun, wir haben hier schon ein Problem gemacht &#8211; sie haben erkannt, wenn sie etwas falsch gemacht haben, im Gegensatz zu den Regierungen von heute &#8211; und nun, wie gehen wir damit um\u201c. Sie sagten: \u201eWir m\u00fcssen die Gr\u00f6\u00dfe dieser M\u00e4nner und Frauen irgendwie verbergen\u201c, und sie beschlossen, sie klein zu machen, aber sie waren Riesen, nur von kleiner Statur. Aber w\u00e4hrend sie k\u00e4mpften und mit der Marimba tanzten und all das &#8211; denn sie waren sehr gl\u00fcckliche, sehr tanzende G\u00f6tter &#8211; verga\u00dfen sie ein Detail und \u00e4nderten zwar ihre Gr\u00f6\u00dfe, aber nicht ihr Gewicht. Es stellt sich also heraus, dass diese M\u00e4nner und Frauen, die Riesen waren, klein waren, aber sie wogen wie Riesen und hinterlie\u00dfen ihre Spuren. Der alte Antonio pflegte zu sagen, dass man lernen m\u00fcsse, nach unten zu schauen, um den Weg der Maya-Indianer zu verstehen. Er sagte, dass die Caxlanes(Mestize), die Tzules(Hund, den die Konquistadoren mitgebracht haben), die Eroberer, die verschiedene Farben, verschiedene Namen und verschiedene Nationalit\u00e4ten hatten, sogar die Mexikaner, die uns in all den Jahren unterdr\u00fccken wollten, interpretierten, dass die Eingeborenen ihren Kopf als Zeichen der Dem\u00fctigung und des Gehorsams senkten. Der alte Antonio sagt: \u201eNein, was wir immer tun, ist die Suche nach dem Zeichen, das tief ist; lerne, nach unten und nach hinten zu schauen, wenn du von jemandem weggehst, und folge dem Zeichen, folge ihm, verliere es nicht, denn dort oben wirst du es nicht finden! -Und was passiert dann?\u201c, fragte ich den alten Antonio. -Wenn diese Riesen endlich sterben, haben die G\u00f6tter das Problem gel\u00f6st, an das alle denken: Wenn sie zusammen tot sind, gibt es kein Grab, in das sie hineinpassen, denn sie sind zwar klein an K\u00f6rper, aber gro\u00df an Statur. -Und dann sagte er zu mir: \u201eDaf\u00fcr ist die Ceiba da, diese M\u00e4nner und Frauen k\u00f6nnen sich nicht hinlegen; sie leben und sterben im Stehen, und wenn sie uns verlassen, m\u00fcssen sie im Stehen ruhen. Diese Menschen, diese M\u00e4nner und Frauen, wenn sie sterben, sind Teil der gro\u00dfen Mutter Ceiba, die sie besch\u00fctzt.\u00a0<br><\/p>\n\n\n\n<figure class=\"wp-block-image size-large is-resized\"><a href=\"https:\/\/tierraylibertad.org\/wp-content\/uploads\/2013\/10\/102_0684.jpg\"><img loading=\"lazy\" decoding=\"async\" width=\"1029\" height=\"1828\" src=\"https:\/\/tierraylibertad.org\/wp-content\/uploads\/2025\/01\/102_0684-edited-1.jpg\" alt=\"\" class=\"wp-image-3209\" style=\"width:451px;height:auto\" srcset=\"https:\/\/tierraylibertad.org\/wp-content\/uploads\/2025\/01\/102_0684-edited-1.jpg 1029w, https:\/\/tierraylibertad.org\/wp-content\/uploads\/2025\/01\/102_0684-edited-1-169x300.jpg 169w, https:\/\/tierraylibertad.org\/wp-content\/uploads\/2025\/01\/102_0684-edited-1-576x1024.jpg 576w, https:\/\/tierraylibertad.org\/wp-content\/uploads\/2025\/01\/102_0684-edited-1-768x1364.jpg 768w, https:\/\/tierraylibertad.org\/wp-content\/uploads\/2025\/01\/102_0684-edited-1-865x1536.jpg 865w\" sizes=\"auto, (max-width: 1029px) 100vw, 1029px\" \/><\/a><\/figure>\n\n\n\n<p>Jahre sp\u00e4ter und immer noch schaue ich auf meine Schritte und es gibt keine Spuren, aber ich erinnere mich weiterhin an die Schritte von Ramona und anderen Kameraden, die uns f\u00fchren, und ich sehe weiterhin, dass, obwohl der Boden hart und trocken ist, obwohl es Zement gibt, wenn sie in die Stadt gegangen sind, sie weiterhin eine sehr tiefe Spur hinterlassen, und ich achte immer darauf, nach unten zu schauen, damit ich sie nicht verliere. Mit diesem Fu\u00dfabdruck, dem Fu\u00dfabdruck unserer Gef\u00e4hrten, die uns f\u00fchren, sind wir hier angekommen.\u00a0<\/p>\n\n\n\n<p>Subcomandante Insurgente Marcos<br><\/p>\n\n\n\n<p><br><br><br><br><br><\/p>\n","protected":false},"excerpt":{"rendered":"<p>Die Geschichte wurde in dem Buch Los Otros Cuentos ver\u00f6ffentlicht. Band 2. Comandanta Ramona war sehr fr\u00f6hlich und sehr scherzhaft. Wenn sie an der Reihe war, uns zu f\u00fchren &#8211; denn sie war die Einzige, die den Weg kannte -, sagte sie scherzhaft, dass unser Kampf gut war, denn es war das erste, dass die [&hellip;]<\/p>\n","protected":false},"author":2,"featured_media":0,"parent":0,"menu_order":0,"comment_status":"closed","ping_status":"closed","template":"","meta":{"footnotes":""},"class_list":["post-3201","page","type-page","status-publish","hentry"],"_links":{"self":[{"href":"https:\/\/tierraylibertad.org\/index.php\/wp-json\/wp\/v2\/pages\/3201","targetHints":{"allow":["GET"]}}],"collection":[{"href":"https:\/\/tierraylibertad.org\/index.php\/wp-json\/wp\/v2\/pages"}],"about":[{"href":"https:\/\/tierraylibertad.org\/index.php\/wp-json\/wp\/v2\/types\/page"}],"author":[{"embeddable":true,"href":"https:\/\/tierraylibertad.org\/index.php\/wp-json\/wp\/v2\/users\/2"}],"replies":[{"embeddable":true,"href":"https:\/\/tierraylibertad.org\/index.php\/wp-json\/wp\/v2\/comments?post=3201"}],"version-history":[{"count":7,"href":"https:\/\/tierraylibertad.org\/index.php\/wp-json\/wp\/v2\/pages\/3201\/revisions"}],"predecessor-version":[{"id":3204,"href":"https:\/\/tierraylibertad.org\/index.php\/wp-json\/wp\/v2\/pages\/3201\/revisions\/3204"}],"wp:attachment":[{"href":"https:\/\/tierraylibertad.org\/index.php\/wp-json\/wp\/v2\/media?parent=3201"}],"curies":[{"name":"wp","href":"https:\/\/api.w.org\/{rel}","templated":true}]}}