{"id":178,"date":"2009-03-28T15:17:34","date_gmt":"2009-03-28T14:17:34","guid":{"rendered":"http:\/\/tierraylibertad.org.w01d42ae.kasserver.com\/?page_id=178"},"modified":"2009-03-28T15:17:34","modified_gmt":"2009-03-28T14:17:34","slug":"bienvenidos","status":"publish","type":"page","link":"https:\/\/tierraylibertad.org\/index.php\/bienvenidos\/","title":{"rendered":"Bienvenidos"},"content":{"rendered":"<p><span style=\"color: #ff0000;\"><strong><a href=\"http:\/\/kehuelga.org\/diario\/spip.php?article11&amp;lang=es\">Solidaridad con la Kehuelga Radio pikenle aki<\/a><\/strong><\/span>.<em><strong><a href=\"http:\/\/wordpress.p156327.webspaceconfig.de\/wp-content\/uploads\/2009\/10\/images.jpg\"><img loading=\"lazy\" decoding=\"async\" class=\"alignright size-full wp-image-956\" title=\"images\" src=\"http:\/\/wordpress.p156327.webspaceconfig.de\/wp-content\/uploads\/2009\/10\/images.jpg\" alt=\"images\" width=\"99\" height=\"149\" \/><\/a><\/strong><\/em><\/p>\n<p><span style=\"color: #ff0000;\">Denuncia e informaci\u00f3n<\/span>:<span style=\"color: #ff0000;\"> <a href=\"https:\/\/tierraylibertad.org\/index.php\/category\/denuncias-e-informacion\/\">Desaparecidos y Heridos en San Juan Copala OAXACA<\/a>, <a href=\"https:\/\/tierraylibertad.org\/index.php\/category\/denuncias-e-informacion\/\">Paramilit\u00e4rs greifen Friedenskarawane in Oaxaca an<\/a><br \/>\n<\/span><\/p>\n<p><span style=\"color: #ff0000;\"> <a href=\"https:\/\/tierraylibertad.org\/?p=906\">Radio Tierra y Libertad<\/a>,<\/span> Monterrey, Nuevo Le\u00f3n, M\u00e9xico.<\/p>\n<p>\u00a1Hola a todos aquellos que llegaron ac\u00e1 a este lugar en la red!<\/p>\n<p>Cree y creamos un blog o algo as\u00ed por la necesidad de expresarnos, por la necesidad de contarles un cuento,\u00a0 por la necesidad de atormentar no solamente a nuestros amigos con opiniones y cuentos sino a m\u00e1s gente.<\/p>\n<p>Utilizamos Tierra y Libertad pues hacemos un homenage a los Hermanos Flores Mag\u00f3n,\u00a0 a Emiliano Zapata, a la CNT y a la CGT de Espa\u00f1a, al EZLN y de los compa\u00f1eros que levantan la voz y la letra y la lucha por un mundo donde quepan muchos mundo.<\/p>\n<p>Habra cuentos, opinones, audios, videos y fotos,\u00a0 esperando tener el tiempo para hacer m\u00e1s y ser m\u00e1s.<\/p>\n<p>Por \u00faltimo en esta introduci\u00f3n informativa esperamos que disfruten los cuentos y las dem\u00e1s cosas que puedan aparecer aqu\u00ed y agregamos a la frase de homenaje<\/p>\n<p>\u00a1Tierra, Agua y Libertad!<\/p>\n<p><a rel=\"license\" href=\"http:\/\/creativecommons.org\/licenses\/by-nc-nd\/3.0\/\"><img decoding=\"async\" style=\"border-width: 0;\" src=\"http:\/\/i.creativecommons.org\/l\/by-nc-nd\/3.0\/88x31.png\" alt=\"Creative Commons Lizenzvertrag\" \/><\/a><br \/>\n<span>Cuentos <\/span> von <a rel=\"cc:attributionURL\" href=\"https:\/\/tierraylibertad.org\/index.php\/category\/cuentos\/\">alf (Grodecz Alfredo Ram\u00edrez Ogando)<\/a> steht unter einer <a rel=\"license\" href=\"http:\/\/creativecommons.org\/licenses\/by-nc-nd\/3.0\/\">Creative Commons Attribution-NonCommercial-NoDerivs 3.0 Unported Lizenz<\/a>.<br \/>\nBeruht auf einem Inhalt unter <a rel=\"dc:source\" href=\"https:\/\/tierraylibertad.org\/index.php\/category\/cuentos\/\">www.tierraylibertad.org<\/a>.<br \/>\n\u00dcber diese Lizenz hinausgehende Erlaubnisse k\u00f6nnen Sie unter <a rel=\"cc:morePermissions\" href=\"https:\/\/tierraylibertad.org\">https:\/\/tierraylibertad.org<\/a> erhalten.<\/p>\n","protected":false},"excerpt":{"rendered":"<p>Solidaridad con la Kehuelga Radio pikenle aki. Denuncia e informaci\u00f3n: Desaparecidos y Heridos en San Juan Copala OAXACA, Paramilit\u00e4rs greifen Friedenskarawane in Oaxaca an Radio Tierra y Libertad, Monterrey, Nuevo Le\u00f3n, M\u00e9xico. \u00a1Hola a todos aquellos que llegaron ac\u00e1 a este lugar en la red! Cree y creamos un blog o algo as\u00ed por la [&hellip;]<\/p>\n","protected":false},"author":2,"featured_media":0,"parent":0,"menu_order":0,"comment_status":"open","ping_status":"open","template":"","meta":{"footnotes":""},"class_list":["post-178","page","type-page","status-publish","hentry"],"_links":{"self":[{"href":"https:\/\/tierraylibertad.org\/index.php\/wp-json\/wp\/v2\/pages\/178","targetHints":{"allow":["GET"]}}],"collection":[{"href":"https:\/\/tierraylibertad.org\/index.php\/wp-json\/wp\/v2\/pages"}],"about":[{"href":"https:\/\/tierraylibertad.org\/index.php\/wp-json\/wp\/v2\/types\/page"}],"author":[{"embeddable":true,"href":"https:\/\/tierraylibertad.org\/index.php\/wp-json\/wp\/v2\/users\/2"}],"replies":[{"embeddable":true,"href":"https:\/\/tierraylibertad.org\/index.php\/wp-json\/wp\/v2\/comments?post=178"}],"version-history":[{"count":0,"href":"https:\/\/tierraylibertad.org\/index.php\/wp-json\/wp\/v2\/pages\/178\/revisions"}],"wp:attachment":[{"href":"https:\/\/tierraylibertad.org\/index.php\/wp-json\/wp\/v2\/media?parent=178"}],"curies":[{"name":"wp","href":"https:\/\/api.w.org\/{rel}","templated":true}]}}