{"id":1423,"date":"2009-02-08T20:52:54","date_gmt":"2009-02-08T19:52:54","guid":{"rendered":"http:\/\/tierraylibertad.org.w01d42ae.kasserver.com\/?page_id=2"},"modified":"2012-05-06T14:43:49","modified_gmt":"2012-05-06T13:43:49","slug":"informacion","status":"publish","type":"page","link":"https:\/\/tierraylibertad.org\/index.php\/informacion\/","title":{"rendered":"Informaci\u00f3n"},"content":{"rendered":"<p>Tal vez ser\u00e1 de utilidad dar un poco de informaci\u00f3n de los distintos contenidos y enlaces que se encuentran en este blog.<\/p>\n<p>As\u00ed que comencemos<\/p>\n<p><strong>Categor\u00edas<\/strong><\/p>\n<p>En <strong><a href=\"https:\/\/tierraylibertad.org\/index.php\/category\/citas\/\"><span style=\"color: #ff0000;\">CitAs y rAyones<\/span><\/a> <\/strong>encontraran algunas que nos parecieron bellas, hermosas y que bien pueden aparecer no solo en paginas de la red, sino tambi\u00e9n en libros y sobre todo en muros y paredes, as\u00ed como los rAyones que ya estan en alguna parede o muro.<\/p>\n<p>En <a href=\"https:\/\/tierraylibertad.org\/index.php\/category\/cuentos\/\"><span style=\"color: #ff0000;\"><strong>Cuentos<\/strong><\/span> <\/a>ah\u00ed podr\u00e1n leer los cuentos que he escrito y como lo dije en la bienvenida, los quiero compartir con ustedes. No s\u00e9 como catalogarlos son simplemente cuentos que han salido en el andar en la calle, en el campo, en la Mar&#8230;<\/p>\n<p>En <strong><a href=\"https:\/\/tierraylibertad.org\/index.php\/category\/denuncias-e-informacion\/\"><span style=\"color: #ff0000;\">Denuncias e Informaci\u00f3n<\/span><\/a> <\/strong>iremos poniendo eso sobre los distintos movimientos sociales y de las personas ya que en estos momentos es importante dar repetici\u00f3n a este tipo de informaci\u00f3n pues los grandes medios de (des)comunicaci\u00f3n no lo hacen. Tambi\u00e9n tal vez se pondr\u00e1n pr\u00f3ximos eventos que nos vayamos encontrando.<\/p>\n<p>En <a href=\"https:\/\/tierraylibertad.org\/index.php\/category\/unguey\/\"><strong>Oneway<\/strong> <\/a>es la voz de Jose, aqu\u00ed tiene sus espacio dentro de este Blog de sus opiniones y propuestas las cuales tambi\u00e9n se encuentran en su propio blog, pero no nos parece mal su participaci\u00f3n aqu\u00ed.<\/p>\n<p>En <a href=\"https:\/\/tierraylibertad.org\/index.php\/category\/opiniones\/\" target=\"_blank\"><span style=\"color: #ff0000;\"><strong>Opiniones de Alf<\/strong><\/span>,<\/a> bueno pues eso es bastante claro, pienso, es un poco lo que estoy viendo en el mundo y en mi mundo tanto en el macro como en el micro.<\/p>\n<p>En <a href=\"https:\/\/tierraylibertad.org\/index.php\/category\/articulos-y-otros-mundos\/\" target=\"_blank\"><span style=\"color: #ff0000;\"><strong>Otras voces<\/strong><\/span><\/a> ser\u00e1n opiniones y cuentos de otras personas para ir volviendo el blog colectivo y con ese af\u00e1n colectivo saltare a los Enlaces, pero les aviso seguir\u00e1n apareciendo categor\u00edas nuevas y eso se ira explicando.<\/p>\n<p>En <a href=\"http:\/\/https:\/\/tierraylibertad.org\/index.php\/category\/videos-y-musica\/\" target=\"_blank\"><span style=\"color: #ff0000;\"><strong>M\u00fasica y viedos<\/strong><\/span><\/a> encontraran algunas recomendaci\u00f3nes m\u00fasicales cuando se va por la calle o de esa que mueve al interior pero no hay forma de encontrala f\u00e1cilmente y videos que nos encontramos y concideramos lindo compartirlos o que hacemos para compartirlos.<\/p>\n<p><strong><br \/>\nEnlaces<\/strong><\/p>\n<p><strong>Atenco !Libertad y Justicia!<\/strong> Se logro la liberaci\u00f3n de los 12 compa\u00f1eros presos pol\u00edticos. Sin embargo todav\u00eda no hay justicia para las mujeres v\u00edctimas de violaciones por parte de la polic\u00eda ni para los dos compa\u00f1eros asesinados por el Estado mexicano durante los sucesos del 3 y 4 de mayo del 2006. Es por eso, por la memoria que dejo este enlace.<\/p>\n<p><strong><a href=\"http:\/\/bicitekas.org\/\" target=\"_blank\">Bicitekas<\/a>, <\/strong>un enlace de un grupo de personas que en su cotidiano luchan por hacer de las ciudades un lugar m\u00e1s Humano.<\/p>\n<p><a href=\"http:\/\/bikekitchen.net\/index.php\/Home\" target=\"_blank\"><strong>bike kitchen Viena<\/strong> <\/a>es de ciclistas donde se juntan a reparar su bicicleta, cocinar y convivir de una otra manera en Viena, cambiando la relaci\u00f3n de la ciudad v\u00eda la bicicleta.<\/p>\n<p><a href=\"http:\/\/www.cafe-libertad.de\/shop\/\" target=\"_blank\"><strong>Caf\u00e9 Libertad<\/strong><\/a> es la pagina de un colectivo que lleva o trae, depende de donde se encuentren, a Europa Caf\u00e9 de las comunidades Zapatistas.<\/p>\n<p><a href=\"http:\/\/www.cgt.org.es\/\" target=\"_blank\"><strong>CGT<\/strong><\/a> p\u00e1gina del\u00a0 anarcosindicato en el Estado Espa\u00f1ol.<\/p>\n<p><a href=\"http:\/\/www.cgtchiapas.org\/\" target=\"_blank\"><strong>CGT- Chiapas informaci\u00f3n <\/strong><\/a>p\u00e1gina de solidaridad desde el Estado Espa\u00f1ol con las comunidades Zapatistas en Chiapas.<\/p>\n<p><a href=\"http:\/\/www.cnt.es\/\" target=\"_blank\"><strong>CNT<\/strong><\/a> p\u00e1gina de la Confederaci\u00f3n Nacional del Trabajo, que en el a\u00f1o 2010 cumplen 100 a\u00f1os de existencia, de lucha y de resistencia.<\/p>\n<p><strong><a href=\"http:\/\/www.gritodelpueblo.blogspot.de\/\" target=\"_blank\">El Grito del Pueblo<\/a> <\/strong>es un blog del Partido Obrero Socialista en M\u00e9xico.<strong><\/strong><\/p>\n<p><strong><a href=\"http:\/\/enlacezapatista.ezln.org.mx\/\" target=\"_blank\">Enlace Zapatista<\/a> <\/strong>aqu\u00ed se encuentra la informaci\u00f3n actual del andar Zapatista y el de la Otra Campa\u00f1a.<br \/>\n<strong><br \/>\n<a href=\"http:\/\/www.ems-research.org\/\" target=\"_blank\">Enviromental, Management and Society<\/a><\/strong> blog de un grupo de investigacion cr\u00edtico sobre la protecci\u00f3n al medio ambiente<strong>.<\/strong><\/p>\n<p><a href=\"www.kaosenlared.net\" target=\"_blank\"><strong>KAos en la Red<\/strong><\/a> es el colectivo de personas que conforman una Asociaci\u00f3n Cultural, que tiene como objetivo principal luchar contra el capitalismo, para lo cual cuenta, entre otras herramientas, con un medio de expresi\u00f3n digital que solo se publica en Internet, y donde da cabida a que puedan expresarse en el mismo todas las personas o colectivos que forman el abanico ideol\u00f3gico de <strong>IZQUIERDA PLURAL ANTICAPITALISTA que tengan algo que aportar para defender a los seres m\u00e1s desprotegidos de los abusos del capitalismo depredador, y de los Gobiernos que lo sustentan, que existen en todo el mundo.<\/strong><\/p>\n<p><strong><a href=\"http:\/\/de-de.facebook.com\/pages\/Caf%C3%A9-Multi-Kulti\/145825028846452\" target=\"_blank\">Multi-Kulti Wuppertal<\/a> <\/strong>Centro Kultural en el Cerro del Aceite en la ciudad de Wuppertal.<\/p>\n<p><strong>Pedaleo Critico<\/strong> blog del grupo de Viena donde se hace el proyecto del uso de la bicicleta como medio de transporte en la ciudad y adem\u00e1s como forma critica al sistema actual.<strong><\/strong><\/p>\n<p><a href=\"http:\/\/www.nodo50.org\/tierraylibertad\/\" target=\"_blank\"><strong>Peri\u00f3dico Tierra y Libertad<\/strong><\/a> FAI peri\u00f3dico de la Federaci\u00f3n Anarquista Ib\u00e9rica.<\/p>\n<p><a href=\"http:\/\/www.kehuelga.org\/\" target=\"_blank\"><strong>Radi\u00f3 K\u00e9 Huelga<\/strong><\/a> Radio Libre y Social contra el poder, transmite desde la ciudad monstruo (Ciudad de M\u00e9xico).<br \/>\n<strong><\/strong><\/p>\n<p><a href=\"http:\/\/www.npla.de\/matraca\" target=\"_blank\"><strong>Radio Matraca Berlin<\/strong><\/a> Compa\u00f1eros Latino americanos que viven en Berlin y producen programas de radio para las radios libres y comunitarias, con temas de la vida en Europa desde los ojos y las vivencias de ellos.<\/p>\n","protected":false},"excerpt":{"rendered":"<p>Tal vez ser\u00e1 de utilidad dar un poco de informaci\u00f3n de los distintos contenidos y enlaces que se encuentran en este blog. As\u00ed que comencemos Categor\u00edas En CitAs y rAyones encontraran algunas que nos parecieron bellas, hermosas y que bien pueden aparecer no solo en paginas de la red, sino tambi\u00e9n en libros y sobre [&hellip;]<\/p>\n","protected":false},"author":2,"featured_media":0,"parent":0,"menu_order":0,"comment_status":"open","ping_status":"open","template":"","meta":{"footnotes":""},"class_list":["post-1423","page","type-page","status-publish","hentry"],"_links":{"self":[{"href":"https:\/\/tierraylibertad.org\/index.php\/wp-json\/wp\/v2\/pages\/1423","targetHints":{"allow":["GET"]}}],"collection":[{"href":"https:\/\/tierraylibertad.org\/index.php\/wp-json\/wp\/v2\/pages"}],"about":[{"href":"https:\/\/tierraylibertad.org\/index.php\/wp-json\/wp\/v2\/types\/page"}],"author":[{"embeddable":true,"href":"https:\/\/tierraylibertad.org\/index.php\/wp-json\/wp\/v2\/users\/2"}],"replies":[{"embeddable":true,"href":"https:\/\/tierraylibertad.org\/index.php\/wp-json\/wp\/v2\/comments?post=1423"}],"version-history":[{"count":0,"href":"https:\/\/tierraylibertad.org\/index.php\/wp-json\/wp\/v2\/pages\/1423\/revisions"}],"wp:attachment":[{"href":"https:\/\/tierraylibertad.org\/index.php\/wp-json\/wp\/v2\/media?parent=1423"}],"curies":[{"name":"wp","href":"https:\/\/api.w.org\/{rel}","templated":true}]}}